{"id":3,"date":"2020-08-02T12:14:50","date_gmt":"2020-08-02T12:14:50","guid":{"rendered":"http:\/\/www.escafandravision.com\/?page_id=3"},"modified":"2023-07-08T11:42:03","modified_gmt":"2023-07-08T09:42:03","slug":"aboutme","status":"publish","type":"page","link":"http:\/\/www.escafandravision.com\/index.php\/aboutme\/","title":{"rendered":"Acerca de"},"content":{"rendered":"<div class=\"wp-block-image is-style-rounded\">\n<figure class=\"aligncenter size-large is-resized\"><img loading=\"lazy\" decoding=\"async\" src=\"http:\/\/www.escafandravision.com\/wp-content\/uploads\/2020\/08\/14572343_10154137221602672_4058844541341838983_n.jpg\" alt=\"\" class=\"wp-image-80\" width=\"178\" height=\"178\" srcset=\"http:\/\/www.escafandravision.com\/wp-content\/uploads\/2020\/08\/14572343_10154137221602672_4058844541341838983_n.jpg 960w, http:\/\/www.escafandravision.com\/wp-content\/uploads\/2020\/08\/14572343_10154137221602672_4058844541341838983_n-300x300.jpg 300w, http:\/\/www.escafandravision.com\/wp-content\/uploads\/2020\/08\/14572343_10154137221602672_4058844541341838983_n-150x150.jpg 150w, http:\/\/www.escafandravision.com\/wp-content\/uploads\/2020\/08\/14572343_10154137221602672_4058844541341838983_n-768x768.jpg 768w, http:\/\/www.escafandravision.com\/wp-content\/uploads\/2020\/08\/14572343_10154137221602672_4058844541341838983_n-640x640.jpg 640w, http:\/\/www.escafandravision.com\/wp-content\/uploads\/2020\/08\/14572343_10154137221602672_4058844541341838983_n-180x180.jpg 180w\" sizes=\"(max-width: 178px) 100vw, 178px\" \/><\/figure><\/div>\n\n\n<h2 class=\"wp-block-heading\">Qui\u00e9n soy<\/h2>\n\n\n\n<p>Mi nombre es Javier Gall\u00e9n y llevo m\u00e1s de 20 a\u00f1os trabajando en el sector audiovisual como editor, c\u00e1mara, grafista y realizador. Mi trabajo se ha podido ver tanto en televisi\u00f3n como en cines o internet.<\/p>\n\n\n\n<h2 class=\"wp-block-heading\">Por qu\u00e9 Escafandra Visi\u00f3n<\/h2>\n\n\n\n<p>Este proyecto nace de la necesidad de dar salida a una inquietud que acab\u00f3 casi por convertirse en una obsesi\u00f3n: La de hacer v\u00eddeos divulgativos sobre diversos aspectos t\u00e9cnicos del cine.<br><br>Hacer algo impersonal donde se aportase informaci\u00f3n a base de gr\u00e1ficos y extractos de pel\u00edculas no me parec\u00eda suficiente excusa. Para eso ya ten\u00eda twitter. Ten\u00eda que ser algo cercano y reconocible. Quer\u00eda conseguir esa misma relaci\u00f3n que como espectador ten\u00eda con mis YouTubers favoritos. Y por m\u00e1s vueltas que le daba, siempre llegaba a la misma horrible conclusi\u00f3n: Ten\u00eda que salir yo. <br><br>Esto significaba dar un giro de 180\u00ba a la que hab\u00eda sido desde siempre mi posici\u00f3n habitual respecto a la c\u00e1mara. Y eso para m\u00ed era mucho.<br><br>Pero siguiendo la m\u00e1xima auto-impuesta de <em>&#8220;haz lo que sea, pero que te apasione&#8221;<\/em>, y un par o tres de astros que se alinearon sin esfuerzo, no tuve m\u00e1s remedio que ponerme manos a la obra y darle salida.<br><br>As\u00ed naci\u00f3 el canal.<\/p>\n\n\n\n<h3 class=\"wp-block-heading\">Encu\u00e9ntrame<\/h3>\n\n\n\n<p>Twitter <a href=\"https:\/\/twitter.com\/ideimos\">@ideimos<\/a><br>Instagram: <a href=\"https:\/\/www.instagram.com\/ideimos\/\">@ideimos<\/a><br>Flickr: <a href=\"https:\/\/www.flickr.com\/photos\/ideimos\/\">Javier Gall\u00e9n<\/a><br>Vimeo: <a href=\"https:\/\/vimeo.com\/ideimos\">Javier Gall\u00e9n<\/a> <\/p>\n\n\n\n<p>Apoya el canal:\u00a0<a href=\"https:\/\/www.patreon.com\/escafandravision\">https:\/\/www.patreon.com\/escafandravision<\/a><br>Apoya el canal: <a href=\"https:\/\/ko-fi.com\/escafandravision\">https:\/\/ko-fi.com\/escafandravision<\/a><\/p>\n","protected":false},"excerpt":{"rendered":"<p>Qui\u00e9n soy Mi nombre es Javier Gall\u00e9n y llevo m\u00e1s de 20 a\u00f1os trabajando en el sector audiovisual como editor,<\/p>\n<p class=\"more-link\"><a href=\"http:\/\/www.escafandravision.com\/index.php\/aboutme\/\" class=\"readmore\">Seguir leyendo<span class=\"screen-reader-text\">Acerca de<\/span><\/a><\/p>\n","protected":false},"author":1,"featured_media":0,"parent":0,"menu_order":0,"comment_status":"closed","ping_status":"closed","template":"","meta":{"footnotes":""},"_links":{"self":[{"href":"http:\/\/www.escafandravision.com\/index.php\/wp-json\/wp\/v2\/pages\/3"}],"collection":[{"href":"http:\/\/www.escafandravision.com\/index.php\/wp-json\/wp\/v2\/pages"}],"about":[{"href":"http:\/\/www.escafandravision.com\/index.php\/wp-json\/wp\/v2\/types\/page"}],"author":[{"embeddable":true,"href":"http:\/\/www.escafandravision.com\/index.php\/wp-json\/wp\/v2\/users\/1"}],"replies":[{"embeddable":true,"href":"http:\/\/www.escafandravision.com\/index.php\/wp-json\/wp\/v2\/comments?post=3"}],"version-history":[{"count":22,"href":"http:\/\/www.escafandravision.com\/index.php\/wp-json\/wp\/v2\/pages\/3\/revisions"}],"predecessor-version":[{"id":171,"href":"http:\/\/www.escafandravision.com\/index.php\/wp-json\/wp\/v2\/pages\/3\/revisions\/171"}],"wp:attachment":[{"href":"http:\/\/www.escafandravision.com\/index.php\/wp-json\/wp\/v2\/media?parent=3"}],"curies":[{"name":"wp","href":"https:\/\/api.w.org\/{rel}","templated":true}]}}